{"id":31,"date":"2022-10-06T20:32:53","date_gmt":"2022-10-06T20:32:53","guid":{"rendered":"http:\/\/www.enpz.cz\/?page_id=31"},"modified":"2023-10-04T13:35:07","modified_gmt":"2023-10-04T13:35:07","slug":"aktuality","status":"publish","type":"page","link":"https:\/\/www.enpz.cz\/","title":{"rendered":"Aktuality"},"content":{"rendered":"<div class=\"wp-block-image\">\n<figure class=\"aligncenter size-large\"><img loading=\"lazy\" decoding=\"async\" width=\"1024\" height=\"264\" src=\"https:\/\/www.enpz.cz\/wp-content\/uploads\/2023\/09\/matthew-henry-yETqkLnhsUI-1024x264.jpg\" alt=\"\" class=\"wp-image-140\" style=\"object-fit:cover\" srcset=\"https:\/\/www.enpz.cz\/wp-content\/uploads\/2023\/09\/matthew-henry-yETqkLnhsUI-1024x264.jpg 1024w, https:\/\/www.enpz.cz\/wp-content\/uploads\/2023\/09\/matthew-henry-yETqkLnhsUI-300x77.jpg 300w, https:\/\/www.enpz.cz\/wp-content\/uploads\/2023\/09\/matthew-henry-yETqkLnhsUI-768x198.jpg 768w, https:\/\/www.enpz.cz\/wp-content\/uploads\/2023\/09\/matthew-henry-yETqkLnhsUI-1536x396.jpg 1536w, https:\/\/www.enpz.cz\/wp-content\/uploads\/2023\/09\/matthew-henry-yETqkLnhsUI-2048x528.jpg 2048w\" sizes=\"auto, (max-width: 1024px) 100vw, 1024px\" \/><\/figure>\n<\/div>\n\n\n<p class=\"has-small-font-size\">V\u00e1\u017een\u00ed obchodn\u00ed partne\u0159i, v\u00e1\u017een\u00ed z\u00e1kazn\u00edci,<\/p>\n\n\n\n<p class=\"has-small-font-size\">dovolujeme si V\u00e1s t\u00edmto informovat, \u017ee spole\u010dnost ENPZ, s.r.o., se s\u00eddlem&nbsp; Zahradn\u00ed 1312, Malenovice, 763 02 Zl\u00edn, I\u010cO: 14337908, sp. zn.: C 127853 veden\u00e1 u Krajsk\u00e9ho soudu v&nbsp;Brn\u011b vznikla procesem vnitro-skupinov\u00fdch zm\u011bn zapo\u010dat\u00fdch letos v dubnu 2022 a v jejich\u017e souvislosti do\u0161lo k rozd\u011blen\u00ed spole\u010dnosti AH-ENERGY, s.r.o. s t\u00edm, \u017ee vy\u010dlen\u011bn\u00e1 \u010d\u00e1st jej\u00edho jm\u011bn\u00ed p\u0159ejde na spole\u010dnost ENPZ, s.r.o.. Spole\u010dnost ENPZ, s.r.o. zahajuje svou \u010dinnost dnem 1.10.2022 jako\u017eto obchodn\u00ed spole\u010dnost zab\u00fdvaj\u00edc\u00ed se obchodem s&nbsp;elekt\u0159inou.<\/p>\n\n\n\n<p class=\"has-small-font-size\">Rozd\u011blovan\u00e1 spole\u010dnost AH-ENERGY, s.r.o. se st\u00e1v\u00e1 spole\u010dnost\u00ed, kter\u00e1 poskytuje servis n\u00e1stupnick\u00e9 spole\u010dnosti ENPZ, s.r.o. tak, aby tato n\u00e1stupnick\u00e1 spole\u010dnost mohla \u0159\u00e1dn\u011b a bezvadn\u011b poskytovat sv\u00fdm z\u00e1kazn\u00edk\u016fm sv\u00e9 slu\u017eby, zejm\u00e9na pak slu\u017eby na dod\u00e1vku komodit a energetick\u00fdch slu\u017eeb, a to na stejn\u00e9 \u00farovni a ve stejn\u00e9 kvalit\u011b jako rozd\u011blovan\u00e1 spole\u010dnost. T\u00edm bude pln\u011b zaji\u0161t\u011bna a zachov\u00e1na kontinuita a kvalita poskytovan\u00fdch slu\u017eeb.<\/p>\n\n\n\n<p class=\"has-small-font-size\">Smlouvy se z\u00e1kazn\u00edky na poskytov\u00e1n\u00ed slu\u017eby n\u011bkter\u00e9ho z v\u00fd\u0161e uveden\u00fdch produkt\u016f uzav\u00edran\u00e9 po 30.9.2022 budou uzav\u00edr\u00e1ny spole\u010dnost\u00ed ENPZ, s.r.o. jako poskytovatelem.<\/p>\n\n\n\n<p><\/p>\n","protected":false},"excerpt":{"rendered":"<p>V\u00e1\u017een\u00ed obchodn\u00ed partne\u0159i, v\u00e1\u017een\u00ed z\u00e1kazn\u00edci, dovolujeme si V\u00e1s t\u00edmto informovat, \u017ee spole\u010dnost ENPZ, s.r.o., se s\u00eddlem&nbsp; Zahradn\u00ed 1312, Malenovice, 763 02 Zl\u00edn, I\u010cO: 14337908, sp. zn.: C 127853 veden\u00e1 u &#8230;<\/p>\n","protected":false},"author":1,"featured_media":131,"parent":0,"menu_order":0,"comment_status":"closed","ping_status":"closed","template":"","meta":{"footnotes":""},"class_list":["post-31","page","type-page","status-publish","has-post-thumbnail","hentry"],"_links":{"self":[{"href":"https:\/\/www.enpz.cz\/index.php\/wp-json\/wp\/v2\/pages\/31","targetHints":{"allow":["GET"]}}],"collection":[{"href":"https:\/\/www.enpz.cz\/index.php\/wp-json\/wp\/v2\/pages"}],"about":[{"href":"https:\/\/www.enpz.cz\/index.php\/wp-json\/wp\/v2\/types\/page"}],"author":[{"embeddable":true,"href":"https:\/\/www.enpz.cz\/index.php\/wp-json\/wp\/v2\/users\/1"}],"replies":[{"embeddable":true,"href":"https:\/\/www.enpz.cz\/index.php\/wp-json\/wp\/v2\/comments?post=31"}],"version-history":[{"count":7,"href":"https:\/\/www.enpz.cz\/index.php\/wp-json\/wp\/v2\/pages\/31\/revisions"}],"predecessor-version":[{"id":162,"href":"https:\/\/www.enpz.cz\/index.php\/wp-json\/wp\/v2\/pages\/31\/revisions\/162"}],"wp:featuredmedia":[{"embeddable":true,"href":"https:\/\/www.enpz.cz\/index.php\/wp-json\/wp\/v2\/media\/131"}],"wp:attachment":[{"href":"https:\/\/www.enpz.cz\/index.php\/wp-json\/wp\/v2\/media?parent=31"}],"curies":[{"name":"wp","href":"https:\/\/api.w.org\/{rel}","templated":true}]}}